{"id":92,"date":"2017-07-18T12:36:09","date_gmt":"2017-07-18T12:36:09","guid":{"rendered":"https:\/\/softfardamentos.com.br\/?page_id=92"},"modified":"2022-09-10T12:43:19","modified_gmt":"2022-09-10T12:43:19","slug":"quem-somos","status":"publish","type":"page","link":"https:\/\/softfardamentos.com.br\/index.php\/quem-somos\/","title":{"rendered":"Quem Somos"},"content":{"rendered":"<p>[vc_row][vc_column][vc_empty_space alter_height=&#8221;huge&#8221; hide_on_desktop=&#8221;&#8221; hide_on_notebook=&#8221;&#8221; hide_on_tablet=&#8221;&#8221; hide_on_mobile=&#8221;&#8221;][\/vc_column][vc_column width=&#8221;1\/2&#8243; offset=&#8221;vc_col-md-5&#8243;][vc_single_image image=&#8221;895&#8243; img_size=&#8221;full&#8221;][\/vc_column][vc_column width=&#8221;1\/2&#8243; fix_column=&#8221;&#8221; shift_x=&#8221;tiny&#8221;][vc_empty_space alter_height=&#8221;medium&#8221; hide_on_desktop=&#8221;1&#8243; hide_on_notebook=&#8221;1&#8243; hide_on_tablet=&#8221;1&#8243; hide_on_mobile=&#8221;&#8221;]<div id=\"sc_title_108270110\"\n\t\tclass=\"sc_title color_style_default sc_title_default\"><h3 class=\"sc_item_title sc_title_title sc_align_left sc_item_title_style_default\">Soft Fardamentos<\/h3><div class=\"sc_item_descr sc_title_descr sc_align_left\"><p>Uniformes Profissionais de qualidade com inova\u00e7\u00e3o e confiabilidade, a Soft Fardamentos sabe que para alcan\u00e7ar excel\u00eancia em sua categoria \u00e9 preciso estar sempre cuidando de sua conduta e seu desempenho.<br \/>\nPara isso, estipulamos miss\u00f5es, metas e valores que acreditamos serem fundamentais para a empresa, clientes e colaboradores.<\/p>\n<p>O uniforme \u00e9 o cart\u00e3o de visita de qualquer empresa, bem como uma extens\u00e3o da marca em meio a sociedade. Ele \u00e9 importante para que os clientes possam reconhecer cargos e fun\u00e7\u00f5es.<br \/>\nAl\u00e9m disso, o uniforme deve ser sin\u00f4nimo de conforto e bem-estar para os usu\u00e1rios. Ent\u00e3o, faz\u00ea-lo com seguran\u00e7a, durabilidade e eleg\u00e2ncia \u00e9 nossa especialidade.<\/p>\n<p>A Soft Fardamentos sabe que para alcan\u00e7ar excel\u00eancia em sua categoria \u00e9 preciso estar sempre cuidando de sua conduta e seu desempenho.<br \/>\nPara isso, estipulamos miss\u00f5es, metas e valores que acreditamos serem fundamentais para a empresa, clientes e colaboradores.<\/p>\n<\/div><\/div><!-- \/.sc_title -->[vc_empty_space hide_on_desktop=&#8221;&#8221; hide_on_notebook=&#8221;&#8221; hide_on_tablet=&#8221;&#8221; hide_on_mobile=&#8221;&#8221; css=&#8221;.vc_custom_1507281055336{margin-bottom: 0.5rem !important;}&#8221;][\/vc_column][vc_column][vc_empty_space alter_height=&#8221;huge&#8221; hide_on_desktop=&#8221;&#8221; hide_on_notebook=&#8221;&#8221; hide_on_tablet=&#8221;&#8221; hide_on_mobile=&#8221;&#8221; css=&#8221;.vc_custom_1507281173293{margin-top: -0.35rem !important;}&#8221;][\/vc_column][\/vc_row]<\/p>\n","protected":false},"excerpt":{"rendered":"<p>[vc_row][vc_column][vc_empty_space alter_height=&#8221;huge&#8221; hide_on_desktop=&#8221;&#8221; hide_on_notebook=&#8221;&#8221; hide_on_tablet=&#8221;&#8221; hide_on_mobile=&#8221;&#8221;][\/vc_column][vc_column width=&#8221;1\/2&#8243; offset=&#8221;vc_col-md-5&#8243;][vc_single_image image=&#8221;895&#8243; img_size=&#8221;full&#8221;][\/vc_column][vc_column width=&#8221;1\/2&#8243; fix_column=&#8221;&#8221; shift_x=&#8221;tiny&#8221;][vc_empty_space alter_height=&#8221;medium&#8221; hide_on_desktop=&#8221;1&#8243; hide_on_notebook=&#8221;1&#8243; hide_on_tablet=&#8221;1&#8243; hide_on_mobile=&#8221;&#8221;][vc_empty_space hide_on_desktop=&#8221;&#8221; hide_on_notebook=&#8221;&#8221; hide_on_tablet=&#8221;&#8221; hide_on_mobile=&#8221;&#8221; css=&#8221;.vc_custom_1507281055336{margin-bottom: 0.5rem !important;}&#8221;][\/vc_column][vc_column][vc_empty_space alter_height=&#8221;huge&#8221; hide_on_desktop=&#8221;&#8221; hide_on_notebook=&#8221;&#8221; hide_on_tablet=&#8221;&#8221; hide_on_mobile=&#8221;&#8221; css=&#8221;.vc_custom_1507281173293{margin-top: -0.35rem !important;}&#8221;][\/vc_column][\/vc_row]<\/p>\n","protected":false},"author":1,"featured_media":0,"parent":0,"menu_order":0,"comment_status":"closed","ping_status":"closed","template":"","meta":{"om_disable_all_campaigns":false,"_monsterinsights_skip_tracking":false,"_monsterinsights_sitenote_active":false,"_monsterinsights_sitenote_note":"","_monsterinsights_sitenote_category":0,"footnotes":""},"class_list":["post-92","page","type-page","status-publish","hentry"],"aioseo_notices":[],"_links":{"self":[{"href":"https:\/\/softfardamentos.com.br\/index.php\/wp-json\/wp\/v2\/pages\/92"}],"collection":[{"href":"https:\/\/softfardamentos.com.br\/index.php\/wp-json\/wp\/v2\/pages"}],"about":[{"href":"https:\/\/softfardamentos.com.br\/index.php\/wp-json\/wp\/v2\/types\/page"}],"author":[{"embeddable":true,"href":"https:\/\/softfardamentos.com.br\/index.php\/wp-json\/wp\/v2\/users\/1"}],"replies":[{"embeddable":true,"href":"https:\/\/softfardamentos.com.br\/index.php\/wp-json\/wp\/v2\/comments?post=92"}],"version-history":[{"count":2,"href":"https:\/\/softfardamentos.com.br\/index.php\/wp-json\/wp\/v2\/pages\/92\/revisions"}],"predecessor-version":[{"id":897,"href":"https:\/\/softfardamentos.com.br\/index.php\/wp-json\/wp\/v2\/pages\/92\/revisions\/897"}],"wp:attachment":[{"href":"https:\/\/softfardamentos.com.br\/index.php\/wp-json\/wp\/v2\/media?parent=92"}],"curies":[{"name":"wp","href":"https:\/\/api.w.org\/{rel}","templated":true}]}}